{"id":409,"date":"2024-02-18T06:30:34","date_gmt":"2024-02-18T05:30:34","guid":{"rendered":"https:\/\/kogegrundejer.vps2.simplesolution.dk\/?page_id=409"},"modified":"2026-03-25T10:30:08","modified_gmt":"2026-03-25T09:30:08","slug":"referater-bestyrelsesmoeder","status":"publish","type":"page","link":"https:\/\/koegegrundejerforening.dk\/index.php\/referater-bestyrelsesmoeder\/","title":{"rendered":"Referater bestyrelsesm\u00f8der"},"content":{"rendered":"\t\t<div data-elementor-type=\"wp-page\" data-elementor-id=\"409\" class=\"elementor elementor-409\" data-elementor-post-type=\"page\">\n\t\t\t\t\t\t<section class=\"elementor-section elementor-top-section elementor-element elementor-element-24225a7 elementor-section-boxed elementor-section-height-default elementor-section-height-default\" data-id=\"24225a7\" data-element_type=\"section\" data-e-type=\"section\">\n\t\t\t\t\t\t<div class=\"elementor-container elementor-column-gap-default\">\n\t\t\t\t\t<div class=\"elementor-column elementor-col-100 elementor-top-column elementor-element elementor-element-2213fb3\" data-id=\"2213fb3\" data-element_type=\"column\" data-e-type=\"column\" data-settings=\"{&quot;background_background&quot;:&quot;classic&quot;}\">\n\t\t\t<div class=\"elementor-widget-wrap elementor-element-populated\">\n\t\t\t\t\t\t<section class=\"elementor-section elementor-inner-section elementor-element elementor-element-a9f1d95 elementor-section-boxed elementor-section-height-default elementor-section-height-default\" data-id=\"a9f1d95\" data-element_type=\"section\" data-e-type=\"section\">\n\t\t\t\t\t\t<div class=\"elementor-container elementor-column-gap-default\">\n\t\t\t\t\t<div class=\"elementor-column elementor-col-50 elementor-inner-column elementor-element elementor-element-616d4dd\" data-id=\"616d4dd\" data-element_type=\"column\" data-e-type=\"column\">\n\t\t\t<div class=\"elementor-widget-wrap elementor-element-populated\">\n\t\t\t\t\t\t<div class=\"elementor-element elementor-element-5955ff2 elementor-widget elementor-widget-heading\" data-id=\"5955ff2\" data-element_type=\"widget\" data-e-type=\"widget\" data-widget_type=\"heading.default\">\n\t\t\t\t<div class=\"elementor-widget-container\">\n\t\t\t\t\t<h2 class=\"elementor-heading-title elementor-size-default\">Log ud<\/h2>\t\t\t\t<\/div>\n\t\t\t\t<\/div>\n\t\t\t\t<div class=\"elementor-element elementor-element-e963cba elementor-widget elementor-widget-text-editor\" data-id=\"e963cba\" data-element_type=\"widget\" data-e-type=\"widget\" data-widget_type=\"text-editor.default\">\n\t\t\t\t<div class=\"elementor-widget-container\">\n\t\t\t\t\t\t\t\t\tHej Super User,<br\/>\n<a class=\"btn btn-primary\" style=\"color:#fff; border:none; font-size:14px; padding:6px 20px; text-decoration:none !important; background:#2572B1; border-radius:0;\" href=\"\/wp-login.php?action=logout&#038;redirect_to=\/index.php\/log-ind\/&#038;_wpnonce=6f40c9878d\">Log af<\/a>\t\t\t\t\t\t\t\t<\/div>\n\t\t\t\t<\/div>\n\t\t\t\t<div class=\"elementor-element elementor-element-673cc52 elementor-widget elementor-widget-heading\" data-id=\"673cc52\" data-element_type=\"widget\" data-e-type=\"widget\" data-widget_type=\"heading.default\">\n\t\t\t\t<div class=\"elementor-widget-container\">\n\t\t\t\t\t<h2 class=\"elementor-heading-title elementor-size-default\">KGF er ogs\u00e5 aktiv i<\/h2>\t\t\t\t<\/div>\n\t\t\t\t<\/div>\n\t\t\t\t<div class=\"elementor-element elementor-element-6fbfa76 elementor-widget elementor-widget-text-editor\" data-id=\"6fbfa76\" data-element_type=\"widget\" data-e-type=\"widget\" data-widget_type=\"text-editor.default\">\n\t\t\t\t<div class=\"elementor-widget-container\">\n\t\t\t\t\t\t\t\t\t<ul>\n \t<li>F\u00e6llesforeningen af Grundejere p\u00e5 Sj\u00e6lland, Lolland-Falster, M\u00f8n og Bornholm<\/li>\n \t<li>Ejendomsforeningen Danmark\u00a0<a class=\"linkblock\" href=\"http:\/\/www.ejendomsf.dk\/\" target=\"_blank\" rel=\"noopener\">www.ejendomsf.dk<\/a><\/li>\n \t<li>Parcelhusejernes Landsorganisation\n<a href=\"http:\/\/www.parcelhus.dk\/\" target=\"_blank\" rel=\"noopener\">www.parcelhus.dk<\/a><\/li>\n<\/ul>\t\t\t\t\t\t\t\t<\/div>\n\t\t\t\t<\/div>\n\t\t\t\t\t<\/div>\n\t\t<\/div>\n\t\t\t\t<div class=\"elementor-column elementor-col-50 elementor-inner-column elementor-element elementor-element-03fd576\" data-id=\"03fd576\" data-element_type=\"column\" data-e-type=\"column\">\n\t\t\t<div class=\"elementor-widget-wrap elementor-element-populated\">\n\t\t\t\t\t\t<div class=\"elementor-element elementor-element-4025ff5 elementor-widget elementor-widget-heading\" data-id=\"4025ff5\" data-element_type=\"widget\" data-e-type=\"widget\" data-widget_type=\"heading.default\">\n\t\t\t\t<div class=\"elementor-widget-container\">\n\t\t\t\t\t<h1 class=\"elementor-heading-title elementor-size-default\">Referater af bestyrelsesm\u00f8der\n<\/h1>\t\t\t\t<\/div>\n\t\t\t\t<\/div>\n\t\t\t\t<div class=\"elementor-element elementor-element-0861e89 elementor-widget elementor-widget-text-editor\" data-id=\"0861e89\" data-element_type=\"widget\" data-e-type=\"widget\" data-widget_type=\"text-editor.default\">\n\t\t\t\t<div class=\"elementor-widget-container\">\n\t\t\t\t\t\t\t\t\t<p>Referater i kronologisk r\u00e6kkef\u00f8lge<\/p>\t\t\t\t\t\t\t\t<\/div>\n\t\t\t\t<\/div>\n\t\t\t\t<div class=\"elementor-element elementor-element-da13010 elementor-widget elementor-widget-text-editor\" data-id=\"da13010\" data-element_type=\"widget\" data-e-type=\"widget\" data-widget_type=\"text-editor.default\">\n\t\t\t\t<div class=\"elementor-widget-container\">\n\t\t\t\t\t\t\t\t\t<ul><li><a href=\"https:\/\/koegegrundejerforening.dk\/wp-content\/uploads\/2024\/02\/referat-25-02-20.pdf\">Referat 13-04-2021<\/a><\/li><li><a href=\"https:\/\/koegegrundejerforening.dk\/wp-content\/uploads\/2024\/02\/referat-26-05-21.pdf\">Referat 26-05-2021<\/a><\/li><li><a href=\"https:\/\/koegegrundejerforening.dk\/wp-content\/uploads\/2024\/02\/referat-08-06-21.pdf\">Referat 08-06-2021<\/a><\/li><li><a href=\"https:\/\/koegegrundejerforening.dk\/wp-content\/uploads\/2024\/02\/referat-5-10-21.pdf\">Referat 5-10-2021<\/a><\/li><li><a href=\"https:\/\/koegegrundejerforening.dk\/wp-content\/uploads\/2024\/02\/referat-23-03-22.pdf\">Referat 23-03-2022<\/a><\/li><li><a href=\"https:\/\/koegegrundejerforening.dk\/wp-content\/uploads\/2024\/02\/referat-28-09-22.pdf\">Referat 28-09-202<\/a><a href=\"https:\/\/www.koegegrundejerforening.dk\/images\/referater\/referat-28-09-22.pdf\" target=\"_blank\" rel=\"noopener noreferrer\">2<\/a><\/li><li><a href=\"https:\/\/koegegrundejerforening.dk\/wp-content\/uploads\/2024\/02\/referat-02-11-22.pdf\">Referat 2-11-2022<\/a><\/li><li><a href=\"https:\/\/koegegrundejerforening.dk\/wp-content\/uploads\/2024\/02\/referat-01-03-23.pdf\" target=\"_blank\" rel=\"noopener\">Referat 1-3-2023<\/a><\/li><li><a href=\"https:\/\/koegegrundejerforening.dk\/wp-content\/uploads\/2024\/02\/referat-9-5-23.pdf\" target=\"_blank\" rel=\"noopener\">Referat 9-5-2023<\/a><\/li><li><a href=\"https:\/\/koegegrundejerforening.dk\/wp-content\/uploads\/2024\/02\/referat-7-9-23.pdf\" target=\"_blank\" rel=\"noopener\">Referat 7-9-2023<\/a><\/li><li><a href=\"https:\/\/koegegrundejerforening.dk\/wp-content\/uploads\/2024\/02\/referat-10-10-23.pdf\" target=\"_blank\" rel=\"noopener\">Referat 10-10-2023<\/a><\/li><li><a href=\"https:\/\/koegegrundejerforening.dk\/wp-content\/uploads\/2024\/02\/referat-29-11-23.pdf\" target=\"_blank\" rel=\"noopener\">Referat 29-11-2023<\/a><\/li><li><a href=\"https:\/\/koegegrundejerforening.dk\/wp-content\/uploads\/2024\/03\/referat-08-02-2024.pdf\" target=\"_blank\" rel=\"noopener\">Referat 08-02-2024<\/a><\/li><li><a href=\"https:\/\/koegegrundejerforening.dk\/wp-content\/uploads\/2024\/03\/referat-28-02-2024.pdf\" target=\"_blank\" rel=\"noopener\">Referat 28-02-2024<\/a><\/li><li><a href=\"https:\/\/koegegrundejerforening.dk\/wp-content\/uploads\/2024\/06\/Referat-15-04-2024.pdf\" target=\"_blank\" rel=\"noopener\">Referat 15-04-2024<\/a><\/li><li><a href=\"https:\/\/koegegrundejerforening.dk\/wp-content\/uploads\/2024\/09\/Referat-24-09-2024.pdf\" target=\"_blank\" rel=\"noopener\">Referat 24-09-2024<\/a><\/li><li><a href=\"https:\/\/koegegrundejerforening.dk\/wp-content\/uploads\/2024\/11\/referat-13-11-2024.pdf\" target=\"_blank\" rel=\"noopener\">Referat 13-11-2024<\/a><\/li><li><a href=\"https:\/\/koegegrundejerforening.dk\/wp-content\/uploads\/2025\/01\/Referat-15-01-2025.pdf\" target=\"_blank\" rel=\"noopener\">Referat 15-01-2025<\/a><\/li><li><a href=\"https:\/\/koegegrundejerforening.dk\/wp-content\/uploads\/2025\/04\/Referat-05-03-2025-1.pdf\" target=\"_blank\" rel=\"noopener\">Referat 05-03-2025<\/a><\/li><li><a href=\"https:\/\/koegegrundejerforening.dk\/wp-content\/uploads\/2025\/05\/Referat-29-05-2025.pdf\" target=\"_blank\" rel=\"noopener\">Referat 29-05-2025<\/a><\/li><li><a href=\"https:\/\/koegegrundejerforening.dk\/wp-content\/uploads\/2025\/07\/Referat-25-06-2025.pdf\" target=\"_blank\" rel=\"noopener\">Referat 26-05-2025<\/a><\/li><li><a href=\"https:\/\/koegegrundejerforening.dk\/wp-content\/uploads\/2025\/10\/Referat-08-09-2025.pdf\" target=\"_blank\" rel=\"noopener\">Referat 08-09-2025<\/a><\/li><li><a href=\"https:\/\/koegegrundejerforening.dk\/wp-content\/uploads\/2025\/11\/Referat-19-11-2025.pdf\" target=\"_blank\" rel=\"noopener\">Referat 19-11-2025<\/a><\/li><li><a href=\"https:\/\/koegegrundejerforening.dk\/wp-content\/uploads\/2026\/03\/Referat-03-03-2026.pdf\" target=\"_blank\" rel=\"noopener\">Referat 03-03-2026<\/a><\/li><\/ul>\t\t\t\t\t\t\t\t<\/div>\n\t\t\t\t<\/div>\n\t\t\t\t\t<\/div>\n\t\t<\/div>\n\t\t\t\t\t<\/div>\n\t\t<\/section>\n\t\t\t\t\t<\/div>\n\t\t<\/div>\n\t\t\t\t\t<\/div>\n\t\t<\/section>\n\t\t\t\t<\/div>\n\t\t","protected":false},"excerpt":{"rendered":"<p>Log ud Hej Super User, Log af KGF er ogs\u00e5 aktiv i F\u00e6llesforeningen af Grundejere p\u00e5 Sj\u00e6lland, Lolland-Falster, M\u00f8n og Bornholm Ejendomsforeningen Danmark\u00a0www.ejendomsf.dk Parcelhusejernes Landsorganisation www.parcelhus.dk Referater af bestyrelsesm\u00f8der Referater i kronologisk r\u00e6kkef\u00f8lge Referat 13-04-2021 Referat 26-05-2021 Referat 08-06-2021 Referat 5-10-2021 Referat 23-03-2022 Referat 28-09-2022 Referat 2-11-2022 Referat 1-3-2023 Referat 9-5-2023 Referat 7-9-2023 Referat 10-10-2023 [&hellip;]<\/p>\n","protected":false},"author":1,"featured_media":0,"parent":0,"menu_order":0,"comment_status":"closed","ping_status":"closed","template":"","meta":{"inline_featured_image":false,"footnotes":""},"class_list":["post-409","page","type-page","status-publish","hentry"],"yoast_head":"<!-- This site is optimized with the Yoast SEO plugin v27.3 - https:\/\/yoast.com\/product\/yoast-seo-wordpress\/ -->\n<title>Referater bestyrelsesm\u00f8der - K\u00f8ge grundejerforening - Administratorer af ejendomme i K\u00f8ge By<\/title>\n<meta name=\"robots\" content=\"index, follow, max-snippet:-1, max-image-preview:large, max-video-preview:-1\" \/>\n<link rel=\"canonical\" href=\"https:\/\/koegegrundejerforening.dk\/index.php\/referater-bestyrelsesmoeder\/\" \/>\n<meta property=\"og:locale\" content=\"da_DK\" \/>\n<meta property=\"og:type\" content=\"article\" \/>\n<meta property=\"og:title\" content=\"Referater bestyrelsesm\u00f8der - K\u00f8ge grundejerforening - Administratorer af ejendomme i K\u00f8ge By\" \/>\n<meta property=\"og:description\" content=\"Log ud Hej Super User, Log af KGF er ogs\u00e5 aktiv i F\u00e6llesforeningen af Grundejere p\u00e5 Sj\u00e6lland, Lolland-Falster, M\u00f8n og Bornholm Ejendomsforeningen Danmark\u00a0www.ejendomsf.dk Parcelhusejernes Landsorganisation www.parcelhus.dk Referater af bestyrelsesm\u00f8der Referater i kronologisk r\u00e6kkef\u00f8lge Referat 13-04-2021 Referat 26-05-2021 Referat 08-06-2021 Referat 5-10-2021 Referat 23-03-2022 Referat 28-09-2022 Referat 2-11-2022 Referat 1-3-2023 Referat 9-5-2023 Referat 7-9-2023 Referat 10-10-2023 [&hellip;]\" \/>\n<meta property=\"og:url\" content=\"https:\/\/koegegrundejerforening.dk\/index.php\/referater-bestyrelsesmoeder\/\" \/>\n<meta property=\"og:site_name\" content=\"K\u00f8ge grundejerforening - Administratorer af ejendomme i K\u00f8ge By\" \/>\n<meta property=\"article:modified_time\" content=\"2026-03-25T09:30:08+00:00\" \/>\n<meta name=\"twitter:card\" content=\"summary_large_image\" \/>\n<meta name=\"twitter:label1\" content=\"Estimeret l\u00e6setid\" \/>\n\t<meta name=\"twitter:data1\" content=\"1 minut\" \/>\n<script type=\"application\/ld+json\" class=\"yoast-schema-graph\">{\"@context\":\"https:\\\/\\\/schema.org\",\"@graph\":[{\"@type\":\"WebPage\",\"@id\":\"https:\\\/\\\/koegegrundejerforening.dk\\\/index.php\\\/referater-bestyrelsesmoeder\\\/\",\"url\":\"https:\\\/\\\/koegegrundejerforening.dk\\\/index.php\\\/referater-bestyrelsesmoeder\\\/\",\"name\":\"Referater bestyrelsesm\u00f8der - K\u00f8ge grundejerforening - Administratorer af ejendomme i K\u00f8ge By\",\"isPartOf\":{\"@id\":\"https:\\\/\\\/koegegrundejerforening.dk\\\/#website\"},\"datePublished\":\"2024-02-18T05:30:34+00:00\",\"dateModified\":\"2026-03-25T09:30:08+00:00\",\"breadcrumb\":{\"@id\":\"https:\\\/\\\/koegegrundejerforening.dk\\\/index.php\\\/referater-bestyrelsesmoeder\\\/#breadcrumb\"},\"inLanguage\":\"da-DK\",\"potentialAction\":[{\"@type\":\"ReadAction\",\"target\":[\"https:\\\/\\\/koegegrundejerforening.dk\\\/index.php\\\/referater-bestyrelsesmoeder\\\/\"]}]},{\"@type\":\"BreadcrumbList\",\"@id\":\"https:\\\/\\\/koegegrundejerforening.dk\\\/index.php\\\/referater-bestyrelsesmoeder\\\/#breadcrumb\",\"itemListElement\":[{\"@type\":\"ListItem\",\"position\":1,\"name\":\"Hjem\",\"item\":\"https:\\\/\\\/koegegrundejerforening.dk\\\/\"},{\"@type\":\"ListItem\",\"position\":2,\"name\":\"Referater bestyrelsesm\u00f8der\"}]},{\"@type\":\"WebSite\",\"@id\":\"https:\\\/\\\/koegegrundejerforening.dk\\\/#website\",\"url\":\"https:\\\/\\\/koegegrundejerforening.dk\\\/\",\"name\":\"K\u00f8ge grundejerforening - Administratorer af ejendomme i K\u00f8ge By\",\"description\":\"\",\"publisher\":{\"@id\":\"https:\\\/\\\/koegegrundejerforening.dk\\\/#organization\"},\"potentialAction\":[{\"@type\":\"SearchAction\",\"target\":{\"@type\":\"EntryPoint\",\"urlTemplate\":\"https:\\\/\\\/koegegrundejerforening.dk\\\/?s={search_term_string}\"},\"query-input\":{\"@type\":\"PropertyValueSpecification\",\"valueRequired\":true,\"valueName\":\"search_term_string\"}}],\"inLanguage\":\"da-DK\"},{\"@type\":\"Organization\",\"@id\":\"https:\\\/\\\/koegegrundejerforening.dk\\\/#organization\",\"name\":\"K\u00f8ge grundejerforening - Administratorer af ejendomme i K\u00f8ge By\",\"url\":\"https:\\\/\\\/koegegrundejerforening.dk\\\/\",\"logo\":{\"@type\":\"ImageObject\",\"inLanguage\":\"da-DK\",\"@id\":\"https:\\\/\\\/koegegrundejerforening.dk\\\/#\\\/schema\\\/logo\\\/image\\\/\",\"url\":\"https:\\\/\\\/koegegrundejerforening.dk\\\/wp-content\\\/uploads\\\/2021\\\/09\\\/logo.png\",\"contentUrl\":\"https:\\\/\\\/koegegrundejerforening.dk\\\/wp-content\\\/uploads\\\/2021\\\/09\\\/logo.png\",\"width\":754,\"height\":41,\"caption\":\"K\u00f8ge grundejerforening - Administratorer af ejendomme i K\u00f8ge By\"},\"image\":{\"@id\":\"https:\\\/\\\/koegegrundejerforening.dk\\\/#\\\/schema\\\/logo\\\/image\\\/\"}}]}<\/script>\n<!-- \/ Yoast SEO plugin. -->","yoast_head_json":{"title":"Referater bestyrelsesm\u00f8der - K\u00f8ge grundejerforening - Administratorer af ejendomme i K\u00f8ge By","robots":{"index":"index","follow":"follow","max-snippet":"max-snippet:-1","max-image-preview":"max-image-preview:large","max-video-preview":"max-video-preview:-1"},"canonical":"https:\/\/koegegrundejerforening.dk\/index.php\/referater-bestyrelsesmoeder\/","og_locale":"da_DK","og_type":"article","og_title":"Referater bestyrelsesm\u00f8der - K\u00f8ge grundejerforening - Administratorer af ejendomme i K\u00f8ge By","og_description":"Log ud Hej Super User, Log af KGF er ogs\u00e5 aktiv i F\u00e6llesforeningen af Grundejere p\u00e5 Sj\u00e6lland, Lolland-Falster, M\u00f8n og Bornholm Ejendomsforeningen Danmark\u00a0www.ejendomsf.dk Parcelhusejernes Landsorganisation www.parcelhus.dk Referater af bestyrelsesm\u00f8der Referater i kronologisk r\u00e6kkef\u00f8lge Referat 13-04-2021 Referat 26-05-2021 Referat 08-06-2021 Referat 5-10-2021 Referat 23-03-2022 Referat 28-09-2022 Referat 2-11-2022 Referat 1-3-2023 Referat 9-5-2023 Referat 7-9-2023 Referat 10-10-2023 [&hellip;]","og_url":"https:\/\/koegegrundejerforening.dk\/index.php\/referater-bestyrelsesmoeder\/","og_site_name":"K\u00f8ge grundejerforening - Administratorer af ejendomme i K\u00f8ge By","article_modified_time":"2026-03-25T09:30:08+00:00","twitter_card":"summary_large_image","twitter_misc":{"Estimeret l\u00e6setid":"1 minut"},"schema":{"@context":"https:\/\/schema.org","@graph":[{"@type":"WebPage","@id":"https:\/\/koegegrundejerforening.dk\/index.php\/referater-bestyrelsesmoeder\/","url":"https:\/\/koegegrundejerforening.dk\/index.php\/referater-bestyrelsesmoeder\/","name":"Referater bestyrelsesm\u00f8der - K\u00f8ge grundejerforening - Administratorer af ejendomme i K\u00f8ge By","isPartOf":{"@id":"https:\/\/koegegrundejerforening.dk\/#website"},"datePublished":"2024-02-18T05:30:34+00:00","dateModified":"2026-03-25T09:30:08+00:00","breadcrumb":{"@id":"https:\/\/koegegrundejerforening.dk\/index.php\/referater-bestyrelsesmoeder\/#breadcrumb"},"inLanguage":"da-DK","potentialAction":[{"@type":"ReadAction","target":["https:\/\/koegegrundejerforening.dk\/index.php\/referater-bestyrelsesmoeder\/"]}]},{"@type":"BreadcrumbList","@id":"https:\/\/koegegrundejerforening.dk\/index.php\/referater-bestyrelsesmoeder\/#breadcrumb","itemListElement":[{"@type":"ListItem","position":1,"name":"Hjem","item":"https:\/\/koegegrundejerforening.dk\/"},{"@type":"ListItem","position":2,"name":"Referater bestyrelsesm\u00f8der"}]},{"@type":"WebSite","@id":"https:\/\/koegegrundejerforening.dk\/#website","url":"https:\/\/koegegrundejerforening.dk\/","name":"K\u00f8ge grundejerforening - Administratorer af ejendomme i K\u00f8ge By","description":"","publisher":{"@id":"https:\/\/koegegrundejerforening.dk\/#organization"},"potentialAction":[{"@type":"SearchAction","target":{"@type":"EntryPoint","urlTemplate":"https:\/\/koegegrundejerforening.dk\/?s={search_term_string}"},"query-input":{"@type":"PropertyValueSpecification","valueRequired":true,"valueName":"search_term_string"}}],"inLanguage":"da-DK"},{"@type":"Organization","@id":"https:\/\/koegegrundejerforening.dk\/#organization","name":"K\u00f8ge grundejerforening - Administratorer af ejendomme i K\u00f8ge By","url":"https:\/\/koegegrundejerforening.dk\/","logo":{"@type":"ImageObject","inLanguage":"da-DK","@id":"https:\/\/koegegrundejerforening.dk\/#\/schema\/logo\/image\/","url":"https:\/\/koegegrundejerforening.dk\/wp-content\/uploads\/2021\/09\/logo.png","contentUrl":"https:\/\/koegegrundejerforening.dk\/wp-content\/uploads\/2021\/09\/logo.png","width":754,"height":41,"caption":"K\u00f8ge grundejerforening - Administratorer af ejendomme i K\u00f8ge By"},"image":{"@id":"https:\/\/koegegrundejerforening.dk\/#\/schema\/logo\/image\/"}}]}},"_links":{"self":[{"href":"https:\/\/koegegrundejerforening.dk\/index.php\/wp-json\/wp\/v2\/pages\/409","targetHints":{"allow":["GET"]}}],"collection":[{"href":"https:\/\/koegegrundejerforening.dk\/index.php\/wp-json\/wp\/v2\/pages"}],"about":[{"href":"https:\/\/koegegrundejerforening.dk\/index.php\/wp-json\/wp\/v2\/types\/page"}],"author":[{"embeddable":true,"href":"https:\/\/koegegrundejerforening.dk\/index.php\/wp-json\/wp\/v2\/users\/1"}],"replies":[{"embeddable":true,"href":"https:\/\/koegegrundejerforening.dk\/index.php\/wp-json\/wp\/v2\/comments?post=409"}],"version-history":[{"count":74,"href":"https:\/\/koegegrundejerforening.dk\/index.php\/wp-json\/wp\/v2\/pages\/409\/revisions"}],"predecessor-version":[{"id":630,"href":"https:\/\/koegegrundejerforening.dk\/index.php\/wp-json\/wp\/v2\/pages\/409\/revisions\/630"}],"wp:attachment":[{"href":"https:\/\/koegegrundejerforening.dk\/index.php\/wp-json\/wp\/v2\/media?parent=409"}],"curies":[{"name":"wp","href":"https:\/\/api.w.org\/{rel}","templated":true}]}}