{"id":298,"date":"2024-02-16T11:41:15","date_gmt":"2024-02-16T10:41:15","guid":{"rendered":"https:\/\/kogegrundejer.vps2.simplesolution.dk\/?page_id=298"},"modified":"2024-02-18T07:09:03","modified_gmt":"2024-02-18T06:09:03","slug":"log-ind","status":"publish","type":"page","link":"https:\/\/koegegrundejerforening.dk\/index.php\/log-ind\/","title":{"rendered":"Log ind"},"content":{"rendered":"\t\t<div data-elementor-type=\"wp-page\" data-elementor-id=\"298\" class=\"elementor elementor-298\" data-elementor-post-type=\"page\">\n\t\t\t\t\t\t<section class=\"elementor-section elementor-top-section elementor-element elementor-element-be6f5ac elementor-section-boxed elementor-section-height-default elementor-section-height-default\" data-id=\"be6f5ac\" data-element_type=\"section\" data-e-type=\"section\">\n\t\t\t\t\t\t<div class=\"elementor-container elementor-column-gap-default\">\n\t\t\t\t\t<div class=\"elementor-column elementor-col-100 elementor-top-column elementor-element elementor-element-10179be\" data-id=\"10179be\" data-element_type=\"column\" data-e-type=\"column\" data-settings=\"{&quot;background_background&quot;:&quot;classic&quot;}\">\n\t\t\t<div class=\"elementor-widget-wrap elementor-element-populated\">\n\t\t\t\t\t\t<section class=\"elementor-section elementor-inner-section elementor-element elementor-element-1d14076 elementor-section-boxed elementor-section-height-default elementor-section-height-default\" data-id=\"1d14076\" data-element_type=\"section\" data-e-type=\"section\">\n\t\t\t\t\t\t<div class=\"elementor-container elementor-column-gap-default\">\n\t\t\t\t\t<div class=\"elementor-column elementor-col-50 elementor-inner-column elementor-element elementor-element-ef10d1c\" data-id=\"ef10d1c\" data-element_type=\"column\" data-e-type=\"column\">\n\t\t\t<div class=\"elementor-widget-wrap elementor-element-populated\">\n\t\t\t\t\t\t<div class=\"elementor-element elementor-element-10d509c elementor-widget elementor-widget-heading\" data-id=\"10d509c\" data-element_type=\"widget\" data-e-type=\"widget\" data-widget_type=\"heading.default\">\n\t\t\t\t<div class=\"elementor-widget-container\">\n\t\t\t\t\t<h2 class=\"elementor-heading-title elementor-size-default\">KGF er ogs\u00e5 aktiv i<\/h2>\t\t\t\t<\/div>\n\t\t\t\t<\/div>\n\t\t\t\t<div class=\"elementor-element elementor-element-b533529 elementor-widget elementor-widget-text-editor\" data-id=\"b533529\" data-element_type=\"widget\" data-e-type=\"widget\" data-widget_type=\"text-editor.default\">\n\t\t\t\t<div class=\"elementor-widget-container\">\n\t\t\t\t\t\t\t\t\t<ul>\n \t<li>F\u00e6llesforeningen af Grundejere p\u00e5 Sj\u00e6lland, Lolland-Falster, M\u00f8n og Bornholm<\/li>\n \t<li>Ejendomsforeningen Danmark\u00a0<a class=\"linkblock\" href=\"http:\/\/www.ejendomsf.dk\/\" target=\"_blank\" rel=\"noopener\">www.ejendomsf.dk<\/a><\/li>\n \t<li>Parcelhusejernes Landsorganisation\n<a href=\"http:\/\/www.parcelhus.dk\/\" target=\"_blank\" rel=\"noopener\">www.parcelhus.dk<\/a><\/li>\n<\/ul>\t\t\t\t\t\t\t\t<\/div>\n\t\t\t\t<\/div>\n\t\t\t\t\t<\/div>\n\t\t<\/div>\n\t\t\t\t<div class=\"elementor-column elementor-col-50 elementor-inner-column elementor-element elementor-element-1d4dd37\" data-id=\"1d4dd37\" data-element_type=\"column\" data-e-type=\"column\">\n\t\t\t<div class=\"elementor-widget-wrap elementor-element-populated\">\n\t\t\t\t\t\t<div class=\"elementor-element elementor-element-27bd371 elementor-widget elementor-widget-heading\" data-id=\"27bd371\" data-element_type=\"widget\" data-e-type=\"widget\" data-widget_type=\"heading.default\">\n\t\t\t\t<div class=\"elementor-widget-container\">\n\t\t\t\t\t<h1 class=\"elementor-heading-title elementor-size-default\">Log ind\n<\/h1>\t\t\t\t<\/div>\n\t\t\t\t<\/div>\n\t\t\t\t<div class=\"elementor-element elementor-element-32f5a01 elementor-widget elementor-widget-text-editor\" data-id=\"32f5a01\" data-element_type=\"widget\" data-e-type=\"widget\" data-widget_type=\"text-editor.default\">\n\t\t\t\t<div class=\"elementor-widget-container\">\n\t\t\t\t\t\t\t\t\tHer kan medlemmer af bestyrelsen logge ind.\t\t\t\t\t\t\t\t<\/div>\n\t\t\t\t<\/div>\n\t\t\t\t<div class=\"elementor-element elementor-element-0f4762e elementor-widget elementor-widget-shortcode\" data-id=\"0f4762e\" data-element_type=\"widget\" data-e-type=\"widget\" data-widget_type=\"shortcode.default\">\n\t\t\t\t<div class=\"elementor-widget-container\">\n\t\t\t\t\t\t\t<div class=\"elementor-shortcode\"><form name=\"loginform\" id=\"loginform\" action=\"https:\/\/koegegrundejerforening.dk\/wp-login.php\" method=\"post\"><p class=\"login-username\">\n\t\t\t\t<label for=\"user_login\">Brugernavn *<\/label>\n\t\t\t\t<input type=\"text\" name=\"log\" id=\"user_login\" autocomplete=\"username\" class=\"input\" value=\"\" size=\"20\" \/>\n\t\t\t<\/p><p class=\"login-password\">\n\t\t\t\t<label for=\"user_pass\">Adgangskode *<\/label>\n\t\t\t\t<input type=\"password\" name=\"pwd\" id=\"user_pass\" autocomplete=\"current-password\" spellcheck=\"false\" class=\"input\" value=\"\" size=\"20\" \/>\n\t\t\t<\/p><p class=\"login-remember\"><label><input name=\"rememberme\" type=\"checkbox\" id=\"rememberme\" value=\"forever\" \/> Husk mig<\/label><\/p><p class=\"login-submit\">\n\t\t\t\t<input type=\"submit\" name=\"wp-submit\" id=\"wp-submit\" class=\"button button-primary\" value=\"Log ind\" \/>\n\t\t\t\t<input type=\"hidden\" name=\"redirect_to\" value=\"https:\/\/koegegrundejerforening.dk\/index.php\/referater-bestyrelsesmoeder\/\" \/>\n\t\t\t<\/p><\/form><a class=\"wplf-lostpassword\" href=\"https:\/\/koegegrundejerforening.dk\/wp-login.php?action=lostpassword\">Glemt din adgangskode?<\/a>\n<\/div>\n\t\t\t\t\t\t<\/div>\n\t\t\t\t<\/div>\n\t\t\t\t\t<\/div>\n\t\t<\/div>\n\t\t\t\t\t<\/div>\n\t\t<\/section>\n\t\t\t\t\t<\/div>\n\t\t<\/div>\n\t\t\t\t\t<\/div>\n\t\t<\/section>\n\t\t\t\t<\/div>\n\t\t","protected":false},"excerpt":{"rendered":"<p>KGF er ogs\u00e5 aktiv i F\u00e6llesforeningen af Grundejere p\u00e5 Sj\u00e6lland, Lolland-Falster, M\u00f8n og Bornholm Ejendomsforeningen Danmark\u00a0www.ejendomsf.dk Parcelhusejernes Landsorganisation www.parcelhus.dk Log ind Her kan medlemmer af bestyrelsen logge ind.<\/p>\n","protected":false},"author":1,"featured_media":0,"parent":0,"menu_order":0,"comment_status":"closed","ping_status":"closed","template":"","meta":{"inline_featured_image":false,"footnotes":""},"class_list":["post-298","page","type-page","status-publish","hentry"],"yoast_head":"<!-- This site is optimized with the Yoast SEO plugin v27.3 - https:\/\/yoast.com\/product\/yoast-seo-wordpress\/ -->\n<title>Log ind - K\u00f8ge grundejerforening - Administratorer af ejendomme i K\u00f8ge By<\/title>\n<meta name=\"robots\" content=\"index, follow, max-snippet:-1, max-image-preview:large, max-video-preview:-1\" \/>\n<link rel=\"canonical\" href=\"https:\/\/koegegrundejerforening.dk\/index.php\/log-ind\/\" \/>\n<meta property=\"og:locale\" content=\"da_DK\" \/>\n<meta property=\"og:type\" content=\"article\" \/>\n<meta property=\"og:title\" content=\"Log ind - K\u00f8ge grundejerforening - Administratorer af ejendomme i K\u00f8ge By\" \/>\n<meta property=\"og:description\" content=\"KGF er ogs\u00e5 aktiv i F\u00e6llesforeningen af Grundejere p\u00e5 Sj\u00e6lland, Lolland-Falster, M\u00f8n og Bornholm Ejendomsforeningen Danmark\u00a0www.ejendomsf.dk Parcelhusejernes Landsorganisation www.parcelhus.dk Log ind Her kan medlemmer af bestyrelsen logge ind.\" \/>\n<meta property=\"og:url\" content=\"https:\/\/koegegrundejerforening.dk\/index.php\/log-ind\/\" \/>\n<meta property=\"og:site_name\" content=\"K\u00f8ge grundejerforening - Administratorer af ejendomme i K\u00f8ge By\" \/>\n<meta property=\"article:modified_time\" content=\"2024-02-18T06:09:03+00:00\" \/>\n<meta name=\"twitter:card\" content=\"summary_large_image\" \/>\n<script type=\"application\/ld+json\" class=\"yoast-schema-graph\">{\"@context\":\"https:\\\/\\\/schema.org\",\"@graph\":[{\"@type\":\"WebPage\",\"@id\":\"https:\\\/\\\/koegegrundejerforening.dk\\\/index.php\\\/log-ind\\\/\",\"url\":\"https:\\\/\\\/koegegrundejerforening.dk\\\/index.php\\\/log-ind\\\/\",\"name\":\"Log ind - K\u00f8ge grundejerforening - Administratorer af ejendomme i K\u00f8ge By\",\"isPartOf\":{\"@id\":\"https:\\\/\\\/koegegrundejerforening.dk\\\/#website\"},\"datePublished\":\"2024-02-16T10:41:15+00:00\",\"dateModified\":\"2024-02-18T06:09:03+00:00\",\"breadcrumb\":{\"@id\":\"https:\\\/\\\/koegegrundejerforening.dk\\\/index.php\\\/log-ind\\\/#breadcrumb\"},\"inLanguage\":\"da-DK\",\"potentialAction\":[{\"@type\":\"ReadAction\",\"target\":[\"https:\\\/\\\/koegegrundejerforening.dk\\\/index.php\\\/log-ind\\\/\"]}]},{\"@type\":\"BreadcrumbList\",\"@id\":\"https:\\\/\\\/koegegrundejerforening.dk\\\/index.php\\\/log-ind\\\/#breadcrumb\",\"itemListElement\":[{\"@type\":\"ListItem\",\"position\":1,\"name\":\"Hjem\",\"item\":\"https:\\\/\\\/koegegrundejerforening.dk\\\/\"},{\"@type\":\"ListItem\",\"position\":2,\"name\":\"Log ind\"}]},{\"@type\":\"WebSite\",\"@id\":\"https:\\\/\\\/koegegrundejerforening.dk\\\/#website\",\"url\":\"https:\\\/\\\/koegegrundejerforening.dk\\\/\",\"name\":\"K\u00f8ge grundejerforening - Administratorer af ejendomme i K\u00f8ge By\",\"description\":\"\",\"publisher\":{\"@id\":\"https:\\\/\\\/koegegrundejerforening.dk\\\/#organization\"},\"potentialAction\":[{\"@type\":\"SearchAction\",\"target\":{\"@type\":\"EntryPoint\",\"urlTemplate\":\"https:\\\/\\\/koegegrundejerforening.dk\\\/?s={search_term_string}\"},\"query-input\":{\"@type\":\"PropertyValueSpecification\",\"valueRequired\":true,\"valueName\":\"search_term_string\"}}],\"inLanguage\":\"da-DK\"},{\"@type\":\"Organization\",\"@id\":\"https:\\\/\\\/koegegrundejerforening.dk\\\/#organization\",\"name\":\"K\u00f8ge grundejerforening - Administratorer af ejendomme i K\u00f8ge By\",\"url\":\"https:\\\/\\\/koegegrundejerforening.dk\\\/\",\"logo\":{\"@type\":\"ImageObject\",\"inLanguage\":\"da-DK\",\"@id\":\"https:\\\/\\\/koegegrundejerforening.dk\\\/#\\\/schema\\\/logo\\\/image\\\/\",\"url\":\"https:\\\/\\\/koegegrundejerforening.dk\\\/wp-content\\\/uploads\\\/2021\\\/09\\\/logo.png\",\"contentUrl\":\"https:\\\/\\\/koegegrundejerforening.dk\\\/wp-content\\\/uploads\\\/2021\\\/09\\\/logo.png\",\"width\":754,\"height\":41,\"caption\":\"K\u00f8ge grundejerforening - Administratorer af ejendomme i K\u00f8ge By\"},\"image\":{\"@id\":\"https:\\\/\\\/koegegrundejerforening.dk\\\/#\\\/schema\\\/logo\\\/image\\\/\"}}]}<\/script>\n<!-- \/ Yoast SEO plugin. -->","yoast_head_json":{"title":"Log ind - K\u00f8ge grundejerforening - Administratorer af ejendomme i K\u00f8ge By","robots":{"index":"index","follow":"follow","max-snippet":"max-snippet:-1","max-image-preview":"max-image-preview:large","max-video-preview":"max-video-preview:-1"},"canonical":"https:\/\/koegegrundejerforening.dk\/index.php\/log-ind\/","og_locale":"da_DK","og_type":"article","og_title":"Log ind - K\u00f8ge grundejerforening - Administratorer af ejendomme i K\u00f8ge By","og_description":"KGF er ogs\u00e5 aktiv i F\u00e6llesforeningen af Grundejere p\u00e5 Sj\u00e6lland, Lolland-Falster, M\u00f8n og Bornholm Ejendomsforeningen Danmark\u00a0www.ejendomsf.dk Parcelhusejernes Landsorganisation www.parcelhus.dk Log ind Her kan medlemmer af bestyrelsen logge ind.","og_url":"https:\/\/koegegrundejerforening.dk\/index.php\/log-ind\/","og_site_name":"K\u00f8ge grundejerforening - Administratorer af ejendomme i K\u00f8ge By","article_modified_time":"2024-02-18T06:09:03+00:00","twitter_card":"summary_large_image","schema":{"@context":"https:\/\/schema.org","@graph":[{"@type":"WebPage","@id":"https:\/\/koegegrundejerforening.dk\/index.php\/log-ind\/","url":"https:\/\/koegegrundejerforening.dk\/index.php\/log-ind\/","name":"Log ind - K\u00f8ge grundejerforening - Administratorer af ejendomme i K\u00f8ge By","isPartOf":{"@id":"https:\/\/koegegrundejerforening.dk\/#website"},"datePublished":"2024-02-16T10:41:15+00:00","dateModified":"2024-02-18T06:09:03+00:00","breadcrumb":{"@id":"https:\/\/koegegrundejerforening.dk\/index.php\/log-ind\/#breadcrumb"},"inLanguage":"da-DK","potentialAction":[{"@type":"ReadAction","target":["https:\/\/koegegrundejerforening.dk\/index.php\/log-ind\/"]}]},{"@type":"BreadcrumbList","@id":"https:\/\/koegegrundejerforening.dk\/index.php\/log-ind\/#breadcrumb","itemListElement":[{"@type":"ListItem","position":1,"name":"Hjem","item":"https:\/\/koegegrundejerforening.dk\/"},{"@type":"ListItem","position":2,"name":"Log ind"}]},{"@type":"WebSite","@id":"https:\/\/koegegrundejerforening.dk\/#website","url":"https:\/\/koegegrundejerforening.dk\/","name":"K\u00f8ge grundejerforening - Administratorer af ejendomme i K\u00f8ge By","description":"","publisher":{"@id":"https:\/\/koegegrundejerforening.dk\/#organization"},"potentialAction":[{"@type":"SearchAction","target":{"@type":"EntryPoint","urlTemplate":"https:\/\/koegegrundejerforening.dk\/?s={search_term_string}"},"query-input":{"@type":"PropertyValueSpecification","valueRequired":true,"valueName":"search_term_string"}}],"inLanguage":"da-DK"},{"@type":"Organization","@id":"https:\/\/koegegrundejerforening.dk\/#organization","name":"K\u00f8ge grundejerforening - Administratorer af ejendomme i K\u00f8ge By","url":"https:\/\/koegegrundejerforening.dk\/","logo":{"@type":"ImageObject","inLanguage":"da-DK","@id":"https:\/\/koegegrundejerforening.dk\/#\/schema\/logo\/image\/","url":"https:\/\/koegegrundejerforening.dk\/wp-content\/uploads\/2021\/09\/logo.png","contentUrl":"https:\/\/koegegrundejerforening.dk\/wp-content\/uploads\/2021\/09\/logo.png","width":754,"height":41,"caption":"K\u00f8ge grundejerforening - Administratorer af ejendomme i K\u00f8ge By"},"image":{"@id":"https:\/\/koegegrundejerforening.dk\/#\/schema\/logo\/image\/"}}]}},"_links":{"self":[{"href":"https:\/\/koegegrundejerforening.dk\/index.php\/wp-json\/wp\/v2\/pages\/298","targetHints":{"allow":["GET"]}}],"collection":[{"href":"https:\/\/koegegrundejerforening.dk\/index.php\/wp-json\/wp\/v2\/pages"}],"about":[{"href":"https:\/\/koegegrundejerforening.dk\/index.php\/wp-json\/wp\/v2\/types\/page"}],"author":[{"embeddable":true,"href":"https:\/\/koegegrundejerforening.dk\/index.php\/wp-json\/wp\/v2\/users\/1"}],"replies":[{"embeddable":true,"href":"https:\/\/koegegrundejerforening.dk\/index.php\/wp-json\/wp\/v2\/comments?post=298"}],"version-history":[{"count":43,"href":"https:\/\/koegegrundejerforening.dk\/index.php\/wp-json\/wp\/v2\/pages\/298\/revisions"}],"predecessor-version":[{"id":449,"href":"https:\/\/koegegrundejerforening.dk\/index.php\/wp-json\/wp\/v2\/pages\/298\/revisions\/449"}],"wp:attachment":[{"href":"https:\/\/koegegrundejerforening.dk\/index.php\/wp-json\/wp\/v2\/media?parent=298"}],"curies":[{"name":"wp","href":"https:\/\/api.w.org\/{rel}","templated":true}]}}